{"id":22,"date":"2018-03-15T18:25:16","date_gmt":"2018-03-15T18:25:16","guid":{"rendered":"https:\/\/demangeon.wordpress.com\/?page_id=22"},"modified":"2024-03-26T17:53:05","modified_gmt":"2024-03-26T16:53:05","slug":"autres","status":"publish","type":"page","link":"https:\/\/demangeonandco.fr\/?page_id=22","title":{"rendered":"Pour aller plus loin"},"content":{"rendered":"<h1><span style=\"color: #808000;\">Sur le peintre L.A. Demangeon<\/span><\/h1>\n<p>\u00a0<\/p>\n<figure id=\"attachment_504\" aria-describedby=\"caption-attachment-504\" style=\"width: 1024px\" class=\"wp-caption alignnone\"><img loading=\"lazy\" class=\"size-large wp-image-504\" src=\"http:\/\/demangeonandco.fr\/wp-content\/uploads\/2019\/10\/Bords-de-lOise--1024x678.jpg\" alt=\"\" width=\"1024\" height=\"678\" srcset=\"https:\/\/demangeonandco.fr\/wp-content\/uploads\/2019\/10\/Bords-de-lOise--1024x678.jpg 1024w, https:\/\/demangeonandco.fr\/wp-content\/uploads\/2019\/10\/Bords-de-lOise--300x199.jpg 300w, https:\/\/demangeonandco.fr\/wp-content\/uploads\/2019\/10\/Bords-de-lOise--768x509.jpg 768w\" sizes=\"(max-width: 1024px) 100vw, 1024px\" \/><figcaption id=\"caption-attachment-504\" class=\"wp-caption-text\">Bords de l&rsquo;Oise<\/figcaption><\/figure>\n<p>\u00a0<\/p>\n<figure id=\"attachment_435\" aria-describedby=\"caption-attachment-435\" style=\"width: 1024px\" class=\"wp-caption alignnone\"><img loading=\"lazy\" class=\"size-large wp-image-435\" src=\"http:\/\/demangeonandco.fr\/wp-content\/uploads\/2019\/09\/Campagne-LA-Demangeon-1024x768.jpg\" alt=\"Campagne\" width=\"1024\" height=\"768\" srcset=\"https:\/\/demangeonandco.fr\/wp-content\/uploads\/2019\/09\/Campagne-LA-Demangeon-1024x768.jpg 1024w, https:\/\/demangeonandco.fr\/wp-content\/uploads\/2019\/09\/Campagne-LA-Demangeon-300x225.jpg 300w, https:\/\/demangeonandco.fr\/wp-content\/uploads\/2019\/09\/Campagne-LA-Demangeon-768x576.jpg 768w\" sizes=\"(max-width: 1024px) 100vw, 1024px\" \/><figcaption id=\"caption-attachment-435\" class=\"wp-caption-text\">Campagne<\/figcaption><\/figure>\n<figure id=\"attachment_434\" aria-describedby=\"caption-attachment-434\" style=\"width: 1024px\" class=\"wp-caption alignnone\"><img loading=\"lazy\" class=\"size-large wp-image-434\" src=\"http:\/\/demangeonandco.fr\/wp-content\/uploads\/2019\/09\/Brest-par-L.A-1024x748.jpg\" alt=\"Brest\" width=\"1024\" height=\"748\" srcset=\"https:\/\/demangeonandco.fr\/wp-content\/uploads\/2019\/09\/Brest-par-L.A-1024x748.jpg 1024w, https:\/\/demangeonandco.fr\/wp-content\/uploads\/2019\/09\/Brest-par-L.A-300x219.jpg 300w, https:\/\/demangeonandco.fr\/wp-content\/uploads\/2019\/09\/Brest-par-L.A-768x561.jpg 768w\" sizes=\"(max-width: 1024px) 100vw, 1024px\" \/><figcaption id=\"caption-attachment-434\" class=\"wp-caption-text\">Brest<\/figcaption><\/figure>\n<figure id=\"attachment_433\" aria-describedby=\"caption-attachment-433\" style=\"width: 1024px\" class=\"wp-caption alignnone\"><img loading=\"lazy\" class=\"size-large wp-image-433\" src=\"http:\/\/demangeonandco.fr\/wp-content\/uploads\/2019\/09\/Albert-Demangeon-1024x768.jpg\" alt=\"Le g\u00e9ographe\" width=\"1024\" height=\"768\" srcset=\"https:\/\/demangeonandco.fr\/wp-content\/uploads\/2019\/09\/Albert-Demangeon-1024x768.jpg 1024w, https:\/\/demangeonandco.fr\/wp-content\/uploads\/2019\/09\/Albert-Demangeon-300x225.jpg 300w, https:\/\/demangeonandco.fr\/wp-content\/uploads\/2019\/09\/Albert-Demangeon-768x576.jpg 768w\" sizes=\"(max-width: 1024px) 100vw, 1024px\" \/><figcaption id=\"caption-attachment-433\" class=\"wp-caption-text\">Le G\u00e9ographe<\/figcaption><\/figure>\n<h1><span style=\"color: #808000;\">Sur la famille<\/span><\/h1>\n<figure id=\"attachment_266\" aria-describedby=\"caption-attachment-266\" style=\"width: 748px\" class=\"wp-caption alignnone\"><img loading=\"lazy\" class=\"size-large wp-image-266\" src=\"http:\/\/demangeonandco.fr\/wp-content\/uploads\/2019\/04\/1916bis.jpg?w=748\" alt=\"\" width=\"748\" height=\"548\" srcset=\"https:\/\/demangeonandco.fr\/wp-content\/uploads\/2019\/04\/1916bis.jpg 1000w, https:\/\/demangeonandco.fr\/wp-content\/uploads\/2019\/04\/1916bis-300x220.jpg 300w, https:\/\/demangeonandco.fr\/wp-content\/uploads\/2019\/04\/1916bis-768x562.jpg 768w\" sizes=\"(max-width: 748px) 100vw, 748px\" \/><figcaption id=\"caption-attachment-266\" class=\"wp-caption-text\">Site <a href=\"http:\/\/www.henriwallon.com\">www.henriwallon.com<\/a><\/figcaption><\/figure>\n<ul>\n<li><span style=\"color: #808080;\"><a style=\"color: #808080;\" href=\"http:\/\/www.les-petites-dalles.org\/index.html\">Les Petites-Dalles<\/a><\/span><\/li>\n<li><span style=\"color: #808080;\"><a style=\"color: #808080;\" href=\"http:\/\/www.henriwallon.com\/Films.html\">Petits films sur la famille Wallon<\/a><\/span><\/li>\n<\/ul>\n<h1><strong><span style=\"color: #808000;\">Sur la campagne<\/span><\/strong><\/h1>\n<p>Champagne 1903<\/p>\n<p><img loading=\"lazy\" class=\"alignnone size-large wp-image-720\" src=\"http:\/\/demangeonandco.fr\/wp-content\/uploads\/2024\/03\/Champagne-1903--1024x770.jpg\" alt=\"\" width=\"1024\" height=\"770\" srcset=\"https:\/\/demangeonandco.fr\/wp-content\/uploads\/2024\/03\/Champagne-1903--1024x770.jpg 1024w, https:\/\/demangeonandco.fr\/wp-content\/uploads\/2024\/03\/Champagne-1903--300x226.jpg 300w, https:\/\/demangeonandco.fr\/wp-content\/uploads\/2024\/03\/Champagne-1903--768x578.jpg 768w, https:\/\/demangeonandco.fr\/wp-content\/uploads\/2024\/03\/Champagne-1903--1536x1156.jpg 1536w, https:\/\/demangeonandco.fr\/wp-content\/uploads\/2024\/03\/Champagne-1903--2048x1541.jpg 2048w\" sizes=\"(max-width: 1024px) 100vw, 1024px\" \/><\/p>\n<ul>\n<li><a href=\"http:\/\/demangeonandco.fr\/wp-content\/uploads\/2019\/09\/Bois-de-la-Tour-du-Lay.pdf\">Bois de la Tour du Lay <\/a>, Parc naturel r\u00e9gional du Vexin fran\u00e7ais, Maison du Parc &#8211; 95450 Th\u00e9m\u00e9ricourt<\/li>\n<\/ul>\n<p style=\"text-align: center;\">\u00a0<a href=\"http:\/\/www.pnr-vexin-francais.fr\/\">www.pnr-vexin-francais.fr<\/a><\/p>\n\n\n<h1><\/h1>\n\n\n\n<p><\/p>\n\n\n\n<p><\/p>\n","protected":false},"excerpt":{"rendered":"<p>Sur le peintre L.A. Demangeon \u00a0 \u00a0 Sur la famille Les Petites-Dalles Petits films sur la famille Wallon Sur la campagne Champagne 1903 Bois de la Tour du Lay , Parc naturel r\u00e9gional du Vexin fran\u00e7ais, Maison du Parc &#8211; 95450 Th\u00e9m\u00e9ricourt \u00a0www.pnr-vexin-francais.fr<\/p>\n","protected":false},"author":1,"featured_media":0,"parent":0,"menu_order":3,"comment_status":"closed","ping_status":"closed","template":"","meta":[],"_links":{"self":[{"href":"https:\/\/demangeonandco.fr\/index.php?rest_route=\/wp\/v2\/pages\/22"}],"collection":[{"href":"https:\/\/demangeonandco.fr\/index.php?rest_route=\/wp\/v2\/pages"}],"about":[{"href":"https:\/\/demangeonandco.fr\/index.php?rest_route=\/wp\/v2\/types\/page"}],"author":[{"embeddable":true,"href":"https:\/\/demangeonandco.fr\/index.php?rest_route=\/wp\/v2\/users\/1"}],"replies":[{"embeddable":true,"href":"https:\/\/demangeonandco.fr\/index.php?rest_route=%2Fwp%2Fv2%2Fcomments&post=22"}],"version-history":[{"count":13,"href":"https:\/\/demangeonandco.fr\/index.php?rest_route=\/wp\/v2\/pages\/22\/revisions"}],"predecessor-version":[{"id":723,"href":"https:\/\/demangeonandco.fr\/index.php?rest_route=\/wp\/v2\/pages\/22\/revisions\/723"}],"wp:attachment":[{"href":"https:\/\/demangeonandco.fr\/index.php?rest_route=%2Fwp%2Fv2%2Fmedia&parent=22"}],"curies":[{"name":"wp","href":"https:\/\/api.w.org\/{rel}","templated":true}]}}